{"id":525,"date":"2021-12-23T22:39:55","date_gmt":"2021-12-23T22:39:55","guid":{"rendered":"https:\/\/startersites.io\/blocksy\/garderobe\/?post_type=product&#038;p=525"},"modified":"2025-12-18T16:02:10","modified_gmt":"2025-12-18T16:02:10","slug":"retro-sunglasses","status":"publish","type":"product","link":"https:\/\/coldentcare.mx\/index.php\/producto\/retro-sunglasses\/","title":{"rendered":"Cepillo Doble extremo para ortodoncia Coldentcare"},"content":{"rendered":"<p>Este innovador cepillo cuenta con dos cabezales dise\u00f1ados para alcanzar m\u00e1s zonas de tu boca con un solo producto. Su doble punta permite una limpieza m\u00e1s eficiente alrededor de los aparatos ortod\u00f3nticos y zonas dif\u00edciles de alcanzar. Una herramienta indispensable para mantener una rutina de higiene ortod\u00f3ntica m\u00e1s detallada.<\/p>\n","protected":false},"excerpt":{"rendered":"<p>\u2022 1 Cepillo dental manual con textura media y corte en<br \/>\n\u201cV\u201d para ortodoncia. Con limpiador de lengua.<br \/>\n\u2022 Repuestos intercambiables con espiral: C\u00f3nica &amp; Cil\u00edndrica<br \/>\n\u2022 Colores: surtidos<br \/>\n\u2022 Cantidad m\u00ednima: 468 unds (por definir)<\/p>\n<p>Cepillo dental: Realice movimientos verticales sobre las superficies exteriores e interiores de los dientes, adem\u00e1s movimientos circulares sobre las muelas.<\/p>\n<p>Cepillo interdental: La espiral ortod\u00f3ntica se usa entre el alambre y los dientes y de bracket a bracket. Con suavidad introduzca el cepillo entre los puentes, coronas, implantes o brackets y cepille de adentro hacia afuera sin hacerlo girar.<\/p>\n<p>INSTRUCCIONES PARA REEMPLAZAR EL CEPILLO INTERDENTAL:<br \/>\nDeslice la pieza del extremo hacia arriba, inserte el repuesto en el orificio del mango y deslice la pieza del extremo hacia abajo nuevamente.<\/p>\n","protected":false},"featured_media":725,"comment_status":"open","ping_status":"closed","template":"","meta":[],"product_brand":[],"product_cat":[19],"product_tag":[],"class_list":{"0":"post-525","1":"product","2":"type-product","3":"status-publish","4":"has-post-thumbnail","6":"product_cat-cepillo-ortodoncia","8":"first","9":"instock","10":"shipping-taxable","11":"purchasable","12":"product-type-simple"},"_links":{"self":[{"href":"https:\/\/coldentcare.mx\/index.php\/wp-json\/wp\/v2\/product\/525","targetHints":{"allow":["GET"]}}],"collection":[{"href":"https:\/\/coldentcare.mx\/index.php\/wp-json\/wp\/v2\/product"}],"about":[{"href":"https:\/\/coldentcare.mx\/index.php\/wp-json\/wp\/v2\/types\/product"}],"replies":[{"embeddable":true,"href":"https:\/\/coldentcare.mx\/index.php\/wp-json\/wp\/v2\/comments?post=525"}],"wp:featuredmedia":[{"embeddable":true,"href":"https:\/\/coldentcare.mx\/index.php\/wp-json\/wp\/v2\/media\/725"}],"wp:attachment":[{"href":"https:\/\/coldentcare.mx\/index.php\/wp-json\/wp\/v2\/media?parent=525"}],"wp:term":[{"taxonomy":"product_brand","embeddable":true,"href":"https:\/\/coldentcare.mx\/index.php\/wp-json\/wp\/v2\/product_brand?post=525"},{"taxonomy":"product_cat","embeddable":true,"href":"https:\/\/coldentcare.mx\/index.php\/wp-json\/wp\/v2\/product_cat?post=525"},{"taxonomy":"product_tag","embeddable":true,"href":"https:\/\/coldentcare.mx\/index.php\/wp-json\/wp\/v2\/product_tag?post=525"}],"curies":[{"name":"wp","href":"https:\/\/api.w.org\/{rel}","templated":true}]}}