{"id":527,"date":"2021-12-23T22:41:39","date_gmt":"2021-12-23T22:41:39","guid":{"rendered":"https:\/\/startersites.io\/blocksy\/garderobe\/?post_type=product&#038;p=527"},"modified":"2025-12-18T16:01:39","modified_gmt":"2025-12-18T16:01:39","slug":"black-t-shirt","status":"publish","type":"product","link":"https:\/\/coldentcare.mx\/index.php\/producto\/black-t-shirt\/","title":{"rendered":"Caja Retenedora  Grande Coldentcare"},"content":{"rendered":"<div id=\"docs-editor-container\" dir=\"ltr\">\n<div id=\"docs-editor\" class=\"\">\n<div id=\"waffle-grid-container\" dir=\"ltr\">\n<div id=\"0-grid-container\" class=\"grid-container\" dir=\"ltr\">\n<div id=\"0-grid-shim-bottom\" class=\"grid-shim-bottom\">\n<div class=\"column-freezebar-extension\"><\/div>\n<\/div>\n<\/div>\n<\/div>\n<\/div>\n<\/div>\n<div dir=\"ltr\">\n<div class=\"input-box\" spellcheck=\"false\">\n<div id=\"waffle-rich-text-editor\" class=\"cell-input editable disabled-input\" dir=\"ltr\" tabindex=\"0\" role=\"combobox\" contenteditable=\"false\" aria-autocomplete=\"list\" aria-label=\"E6\">La caja retenedora esta dise\u00f1ada para ofrecer una protecci\u00f3n a retenedores, placas y otros aparatos removibles de mayor tama\u00f1o. Su amplio espacio interior permite almacenar cada dispositivo sin presi\u00f3n, evitando deformaciones y garantizando una conservaci\u00f3n \u00f3ptima durante el uso diario o el transporte. Incorpora orificios de ventilaci\u00f3n estrat\u00e9gicamente ubicados, que permiten una adecuada circulaci\u00f3n del aire para mantener los aparatos m\u00e1s limpios, secos y libres de malos olores. Un producto resistente, pr\u00e1ctico y seguro, ideal para el cuidado y resguardo de tus dispositivos de ortodoncia<\/div>\n<\/div>\n<\/div>\n","protected":false},"excerpt":{"rendered":"<p>\u2022 Sistema de apertura con bisagra<br \/>\n\u2022 Sistema de cierre con clic<br \/>\n\u2022 Agujeros de ventilaci\u00f3n<br \/>\n\u2022 Colores: surtidos<br \/>\n\u2022 Cantidad m\u00ednima: 20 paquetes (por definir)<\/p>\n<p>Para la protecci\u00f3n y cuidado de los aparatos retenedores, abra cuidadosamente el estuche y ubique los aparatos dentro de la caja retenedora, luego cierre hasta escuchar un \u00abClic\u00bb.<\/p>\n","protected":false},"featured_media":723,"comment_status":"open","ping_status":"closed","template":"","meta":[],"product_brand":[],"product_cat":[22],"product_tag":[],"class_list":{"0":"post-527","1":"product","2":"type-product","3":"status-publish","4":"has-post-thumbnail","6":"product_cat-cajas-retenedoras","8":"first","9":"instock","10":"shipping-taxable","11":"purchasable","12":"product-type-simple"},"_links":{"self":[{"href":"https:\/\/coldentcare.mx\/index.php\/wp-json\/wp\/v2\/product\/527","targetHints":{"allow":["GET"]}}],"collection":[{"href":"https:\/\/coldentcare.mx\/index.php\/wp-json\/wp\/v2\/product"}],"about":[{"href":"https:\/\/coldentcare.mx\/index.php\/wp-json\/wp\/v2\/types\/product"}],"replies":[{"embeddable":true,"href":"https:\/\/coldentcare.mx\/index.php\/wp-json\/wp\/v2\/comments?post=527"}],"wp:featuredmedia":[{"embeddable":true,"href":"https:\/\/coldentcare.mx\/index.php\/wp-json\/wp\/v2\/media\/723"}],"wp:attachment":[{"href":"https:\/\/coldentcare.mx\/index.php\/wp-json\/wp\/v2\/media?parent=527"}],"wp:term":[{"taxonomy":"product_brand","embeddable":true,"href":"https:\/\/coldentcare.mx\/index.php\/wp-json\/wp\/v2\/product_brand?post=527"},{"taxonomy":"product_cat","embeddable":true,"href":"https:\/\/coldentcare.mx\/index.php\/wp-json\/wp\/v2\/product_cat?post=527"},{"taxonomy":"product_tag","embeddable":true,"href":"https:\/\/coldentcare.mx\/index.php\/wp-json\/wp\/v2\/product_tag?post=527"}],"curies":[{"name":"wp","href":"https:\/\/api.w.org\/{rel}","templated":true}]}}