{"id":532,"date":"2021-12-23T22:46:01","date_gmt":"2021-12-23T22:46:01","guid":{"rendered":"https:\/\/startersites.io\/blocksy\/garderobe\/?post_type=product&#038;p=532"},"modified":"2025-12-18T16:00:42","modified_gmt":"2025-12-18T16:00:42","slug":"snapback-cap","status":"publish","type":"product","link":"https:\/\/coldentcare.mx\/index.php\/producto\/snapback-cap\/","title":{"rendered":"Kit de ortodoncia Medium Coldentcare"},"content":{"rendered":"<p><span data-sheets-root=\"1\">El Kit de Ortodoncia Medium est\u00e1 dise\u00f1ado para brindar una higiene completa, pr\u00e1ctica y segura durante todo el tratamiento ortod\u00f3ntico. Cada elemento cumple una funci\u00f3n especifica que facilita la limpieza y el cuidado diario, garantizando una experiencia m\u00e1s c\u00f3moda para el paciente. Pensado para acompa\u00f1arte en cada etapa del tratamiento, este kit re\u00fane las herramientas necesarias para mantener tu boca limpia, fresca y protegida en cualquier momento.<\/span><\/p>\n","protected":false},"excerpt":{"rendered":"<p>\u2022 Cepillo dental manual con textura media y corte en \u201cV\u201d<br \/>\npara ortodoncia. Con limpiador de lengua.<br \/>\n\u2022 Cepillos interdentales con espiral:<br \/>\nc\u00f3nica y cil\u00edndrica<br \/>\n\u2022 Cera para ortodoncia sabor a menta<br \/>\n\u2022 Colores: surtidos<br \/>\n\u2022 Protector de filamentos<br \/>\n\u2022 Cantidad m\u00ednima: 162 Unds (por definir)<\/p>\n<p>Cepillo dental: Cepille suavemente de arriba hacia abajo, en secciones peque\u00f1as, hasta completar la totalidad de los dientes. Contin\u00fae cepillando ligeramente la lengua, el paladar, mejillas y enjuague con agua.<br \/>\nHilo dental: Corte un trozo de hilo enr\u00f3llelo en los dedos e introduzca el hilo entre los dientes y deslice de arriba hacia abajo.<br \/>\nCera para ortodoncia: Coger un trozo de cera y ubicarlo sobre los brackets o aparatos de ortodoncia, de esta manera el aparato de ortodoncia no rozar\u00e1 contra sus mejillas o boca.<br \/>\nCepillo interdental: La espiral ortod\u00f3ntica se usa entre el alambre y los dientes y de bracket a bracket. Con suavidad introduzca el cepillo entre los puentes, coronas, implantes o brackets y cepille de adentro hacia afuera sin hacerlo girar.<br \/>\nEnhebradores: Introduzca el hilo dental en el ojal del enhebrador, deslice el enhebrador con el hilo entre los dientes hasta que el hilo quede dentro del espacio interdental. Retire el enhebrador y use el hilonormalmente.<br \/>\nProtector de filamentos: Abre y cierra con presi\u00f3n m\u00ednima. Gracias a sus agujeros de ventilaci\u00f3n permite mantener su cepillo limpio y seco. Esta dise\u00f1ado para ajustarse a casi cualquier cepillo dental y es ideal para guardar su cepillo y llevarlo con usted de viaje o a su oficina.<\/p>\n","protected":false},"featured_media":718,"comment_status":"open","ping_status":"closed","template":"","meta":[],"product_brand":[],"product_cat":[20],"product_tag":[],"class_list":{"0":"post-532","1":"product","2":"type-product","3":"status-publish","4":"has-post-thumbnail","6":"product_cat-kits-ortodoncia","8":"first","9":"instock","10":"shipping-taxable","11":"purchasable","12":"product-type-simple"},"_links":{"self":[{"href":"https:\/\/coldentcare.mx\/index.php\/wp-json\/wp\/v2\/product\/532","targetHints":{"allow":["GET"]}}],"collection":[{"href":"https:\/\/coldentcare.mx\/index.php\/wp-json\/wp\/v2\/product"}],"about":[{"href":"https:\/\/coldentcare.mx\/index.php\/wp-json\/wp\/v2\/types\/product"}],"replies":[{"embeddable":true,"href":"https:\/\/coldentcare.mx\/index.php\/wp-json\/wp\/v2\/comments?post=532"}],"wp:featuredmedia":[{"embeddable":true,"href":"https:\/\/coldentcare.mx\/index.php\/wp-json\/wp\/v2\/media\/718"}],"wp:attachment":[{"href":"https:\/\/coldentcare.mx\/index.php\/wp-json\/wp\/v2\/media?parent=532"}],"wp:term":[{"taxonomy":"product_brand","embeddable":true,"href":"https:\/\/coldentcare.mx\/index.php\/wp-json\/wp\/v2\/product_brand?post=532"},{"taxonomy":"product_cat","embeddable":true,"href":"https:\/\/coldentcare.mx\/index.php\/wp-json\/wp\/v2\/product_cat?post=532"},{"taxonomy":"product_tag","embeddable":true,"href":"https:\/\/coldentcare.mx\/index.php\/wp-json\/wp\/v2\/product_tag?post=532"}],"curies":[{"name":"wp","href":"https:\/\/api.w.org\/{rel}","templated":true}]}}